{"id":17558,"date":"2023-02-01T23:41:43","date_gmt":"2023-02-02T05:41:43","guid":{"rendered":"https:\/\/luxspherecr.info\/?page_id=17558"},"modified":"2023-04-12T11:23:54","modified_gmt":"2023-04-12T17:23:54","slug":"contact-us","status":"publish","type":"page","link":"https:\/\/luxspherecr.com\/es\/contact-us\/","title":{"rendered":"Contactenos"},"content":{"rendered":"<div data-elementor-type=\"wp-page\" data-elementor-id=\"17558\" class=\"elementor elementor-17558\">\n\t\t\t\t\t\t\t\t\t<section class=\"elementor-section elementor-top-section elementor-element elementor-element-db02323 elementor-section-boxed elementor-section-height-default elementor-section-height-default\" data-id=\"db02323\" data-element_type=\"section\">\n\t\t\t\t\t\t<div class=\"elementor-container elementor-column-gap-default\">\n\t\t\t\t\t<div class=\"elementor-column elementor-col-100 elementor-top-column elementor-element elementor-element-94e73c9\" data-id=\"94e73c9\" data-element_type=\"column\">\n\t\t\t<div class=\"elementor-widget-wrap elementor-element-populated\">\n\t\t\t\t\t\t\t\t<div class=\"elementor-element elementor-element-5fbcfc7 elementor-widget elementor-widget-heading\" data-id=\"5fbcfc7\" data-element_type=\"widget\" data-widget_type=\"heading.default\">\n\t\t\t\t<div class=\"elementor-widget-container\">\n\t\t\t<style>\/*! elementor - v3.11.3 - 07-03-2023 *\/\n.elementor-heading-title{padding:0;margin:0;line-height:1}.elementor-widget-heading .elementor-heading-title[class*=elementor-size-]>a{color:inherit;font-size:inherit;line-height:inherit}.elementor-widget-heading .elementor-heading-title.elementor-size-small{font-size:15px}.elementor-widget-heading .elementor-heading-title.elementor-size-medium{font-size:19px}.elementor-widget-heading .elementor-heading-title.elementor-size-large{font-size:29px}.elementor-widget-heading .elementor-heading-title.elementor-size-xl{font-size:39px}.elementor-widget-heading .elementor-heading-title.elementor-size-xxl{font-size:59px}<\/style><h2 class=\"elementor-heading-title elementor-size-default\">Contactenos<\/h2>\t\t<\/div>\n\t\t\t\t<\/div>\n\t\t\t\t\t<\/div>\n\t\t<\/div>\n\t\t\t\t\t\t\t<\/div>\n\t\t<\/section>\n\t\t\t\t<section class=\"elementor-section elementor-top-section elementor-element elementor-element-ef9a699 elementor-section-boxed elementor-section-height-default elementor-section-height-default\" data-id=\"ef9a699\" data-element_type=\"section\">\n\t\t\t\t\t\t<div class=\"elementor-container elementor-column-gap-default\">\n\t\t\t\t\t<div class=\"elementor-column elementor-col-100 elementor-top-column elementor-element elementor-element-dbd368b\" data-id=\"dbd368b\" data-element_type=\"column\">\n\t\t\t<div class=\"elementor-widget-wrap elementor-element-populated\">\n\t\t\t\t\t\t\t\t<div class=\"elementor-element elementor-element-c44e9ee elementor-button-align-stretch elementor-widget elementor-widget-houzez_elementor_contact_form\" data-id=\"c44e9ee\" data-element_type=\"widget\" data-widget_type=\"houzez_elementor_contact_form.default\">\n\t\t\t\t<div class=\"elementor-widget-container\">\n\t\t\t\n        <script type=\"application\/javascript\">\n            jQuery(document).bind(\"ready\", function () {\n                houzezValidateElementor(\"#houzez-form-c44e9ee\" );\n            });\n        <\/script>\n\n        <form class=\"elementor-form\" id=\"houzez-form-c44e9ee\" method=\"post\" name=\"Contact Us\" action=\"https:\/\/luxspherecr.com\/wp-admin\/admin-ajax.php\">\n            <input type=\"hidden\" name=\"form_id\" value=\"c44e9ee\"\/>\n            <input type=\"hidden\" name=\"houzez_contact_form\" value=\"yes\"\/>\n            <input type=\"hidden\" name=\"action\" value=\"houzez_ele_contact_form\" \/>\n            <input type=\"hidden\" name=\"source_link\" value=\"https:\/\/luxspherecr.com\/es\/contact-us\/\" \/>\n            <input type=\"hidden\" name=\"lead_page_id\" value=\"17558\" \/>\n            <input type=\"hidden\" name=\"email_to\" value=\"info@luxspherecr.info\" \/>\n            <input type=\"hidden\" name=\"email_subject\" value=\"New message from Contact form - &quot;LuxSphere Realty Group&quot;\" \/>\n            <input type=\"hidden\" name=\"email_to_cc\" value=\"\" \/>\n            <input type=\"hidden\" name=\"email_to_bcc\" value=\"\" \/>\n            <input type=\"hidden\" name=\"webhook\" value=\"false\" \/>\n            <input type=\"hidden\" name=\"webhook_url\" value=\"\" \/>\n            <input type=\"hidden\" name=\"redirect_to\" value=\"\" \/>\n            <input type=\"hidden\" name=\"google_recaptcha\" value=\"false\" \/>\n            \n\n            <div class=\"elementor-form-fields-wrapper elementor-labels-above\">\n\n                                    <div class=\"elementor-field-group elementor-column form-group elementor-field-group-name elementor-col-100 elementor-field-required elementor-mark-required\">\n                    <label for=\"form-field-name\" class=\"elementor-field-label\">Nombre<\/label><input type=\"text\" name=\"name\" id=\"form-field-name\" class=\"elementor-field form-control elementor-size-sm elementor-field-textual\" placeholder=\"Nombre\" title=\"* Name\" required=\"required\">                    <\/div>\n\n                                        <div class=\"elementor-field-group elementor-column form-group elementor-field-group-email elementor-col-100 elementor-field-required elementor-mark-required\">\n                    <label for=\"form-field-email\" class=\"elementor-field-label\">Correo Electr\u00f3nico<\/label><input type=\"email\" name=\"email\" id=\"form-field-email\" class=\"elementor-field form-control elementor-size-sm elementor-field-textual\" placeholder=\"Correo Electr\u00f3nico\" title=\"Correo Electr\u00f3nico\" required=\"required\">                    <\/div>\n\n                                        <div class=\"elementor-field-group elementor-column form-group elementor-field-group-5d4241d elementor-col-100 elementor-field-required elementor-mark-required\">\n                    <label for=\"form-field-5d4241d\" class=\"elementor-field-label\">N\u00famero Telef\u00f3nico<\/label><input type=\"text\" name=\"mobile\" id=\"form-field-5d4241d\" class=\"elementor-field form-control elementor-size-sm elementor-field-textual\" placeholder=\"N\u00famero Telef\u00f3nico\" title=\"N\u00famero Telef\u00f3nico\" required=\"required\">                    <\/div>\n\n                                        <div class=\"elementor-field-group elementor-column form-group elementor-field-group-d0648c0 elementor-col-100\">\n                    <label for=\"form-field-d0648c0\" class=\"elementor-field-label\">Rango de Precio<\/label><textarea class=\"elementor-field-textual elementor-field elementor-size-sm\" name=\"message\" id=\"form-field-d0648c0\" rows=\"1\" placeholder=\"Rango de Precio\"><\/textarea>                    <\/div>\n\n                                        <div class=\"elementor-field-group elementor-column form-group elementor-field-group-message elementor-col-100 elementor-field-required elementor-mark-required\">\n                    <label for=\"form-field-message\" class=\"elementor-field-label\">Mas Detalles<\/label><textarea class=\"elementor-field-textual elementor-field elementor-size-sm\" name=\"message\" id=\"form-field-message\" rows=\"4\" placeholder=\"Ingrese los detalles de lo que est\u00e1 buscando (incluido, entre otros): dormitorios, ba\u00f1os, n\u00famero de estacionamientos, patio trasero, cuarto de servicio, cocina, ubicaci\u00f3n, comodidades, etc.\" required=\"required\" title=\"* Details\"><\/textarea>                    <\/div>\n\n                                        <div class=\"elementor-field-group elementor-column form-group elementor-field-group-f4fffaa elementor-col-100 elementor-field-required elementor-mark-required\">\n                    <label for=\"form-field-f4fffaa\" class=\"elementor-field-label\">Propiedad de Inter\u00e9s<\/label><textarea class=\"elementor-field-textual elementor-field elementor-size-sm\" name=\"message\" id=\"form-field-f4fffaa\" rows=\"2\" placeholder=\"Indique el tipo de listado: Alquiler-Apartamento, Compra-Apartamento, Alquiler-Casa, Compra-Casa, Alquiler-Casa en Condominio, Compra-Hora en Condominio, Lotes-Terrenos\" required=\"required\" title=\"* Listing Interest\"><\/textarea>                    <\/div>\n\n                                        <div class=\"elementor-field-group elementor-column form-group elementor-field-group-cbc1adf elementor-col-100 elementor-field-required elementor-mark-required\">\n                    <label for=\"form-field-cbc1adf\" class=\"elementor-field-label\">D\u00edas para Agendar una Visita<\/label><textarea class=\"elementor-field-textual elementor-field elementor-size-sm\" name=\"message\" id=\"form-field-cbc1adf\" rows=\"1\" placeholder=\"Indique el d\u00eda de disponibilidad para una posible visita: lunes, martes, mi\u00e9rcoles, jueves, viernes, s\u00e1bado, domingo\" required=\"required\" title=\"* Viewing Days\"><\/textarea>                    <\/div>\n\n                    \n                    \n                    \n                    <div class=\"elementor-field-group elementor-column elementor-field-type-submit elementor-col-100\">\n                    <button type=\"submit\" class=\"btn houzez-submit-button houzez-contact-form-js elementor-button elementor-size-sm elementor-animation-shrink\">\n                        <i class=\"btn-loader houzez-loader-js\"><\/i>\n                                                    Enviar                                            <\/button>\n                <\/div>\n            <\/div><!-- End wrapper-->\n            <br\/>\n            <div class=\"ele-form-messages\"><\/div>\n            <div class=\"error-container\"><\/div>\n\n        <\/form>\n\n    \t\t<\/div>\n\t\t\t\t<\/div>\n\t\t\t\t\t<\/div>\n\t\t<\/div>\n\t\t\t\t\t\t\t<\/div>\n\t\t<\/section>\n\t\t\t\t<section class=\"elementor-section elementor-top-section elementor-element elementor-element-1721a13 elementor-section-boxed elementor-section-height-default elementor-section-height-default\" data-id=\"1721a13\" data-element_type=\"section\">\n\t\t\t\t\t\t<div class=\"elementor-container elementor-column-gap-default\">\n\t\t\t\t\t<div class=\"elementor-column elementor-col-100 elementor-top-column elementor-element elementor-element-8537cb6\" data-id=\"8537cb6\" data-element_type=\"column\">\n\t\t\t<div class=\"elementor-widget-wrap elementor-element-populated\">\n\t\t\t\t\t\t\t\t<div class=\"elementor-element elementor-element-10c6d99 elementor-widget elementor-widget-text-editor\" data-id=\"10c6d99\" data-element_type=\"widget\" data-widget_type=\"text-editor.default\">\n\t\t\t\t<div class=\"elementor-widget-container\">\n\t\t\t<style>\/*! elementor - v3.11.3 - 07-03-2023 *\/\n.elementor-widget-text-editor.elementor-drop-cap-view-stacked .elementor-drop-cap{background-color:#818a91;color:#fff}.elementor-widget-text-editor.elementor-drop-cap-view-framed .elementor-drop-cap{color:#818a91;border:3px solid;background-color:transparent}.elementor-widget-text-editor:not(.elementor-drop-cap-view-default) .elementor-drop-cap{margin-top:8px}.elementor-widget-text-editor:not(.elementor-drop-cap-view-default) .elementor-drop-cap-letter{width:1em;height:1em}.elementor-widget-text-editor .elementor-drop-cap{float:left;text-align:center;line-height:1;font-size:50px}.elementor-widget-text-editor .elementor-drop-cap-letter{display:inline-block}<\/style>\t\t\t\t<p>M\u00e1s informaci\u00f3n, consultas y citas v\u00eda WhatsApp.<br>Cont\u00e1ctenos: +506 6415-1010<br>Correo electr\u00f3nico: info@luxsphere.com<\/p>\t\t\t\t\t\t<\/div>\n\t\t\t\t<\/div>\n\t\t\t\t\t<\/div>\n\t\t<\/div>\n\t\t\t\t\t\t\t<\/div>\n\t\t<\/section>\n\t\t\t\t\t\t\t<\/div>","protected":false},"excerpt":{"rendered":"<p>Contact Us Name Email Phone Number Price Range Details Listing Interest Viewing Days Submit More information, inquiries and appointments via WhatsApp.Contact us: +506 6415-1010Email: info@luxsphere.com<\/p>","protected":false},"author":1,"featured_media":0,"parent":0,"menu_order":0,"comment_status":"closed","ping_status":"closed","template":"elementor_header_footer","meta":[],"aioseo_notices":[],"_links":{"self":[{"href":"https:\/\/luxspherecr.com\/es\/wp-json\/wp\/v2\/pages\/17558"}],"collection":[{"href":"https:\/\/luxspherecr.com\/es\/wp-json\/wp\/v2\/pages"}],"about":[{"href":"https:\/\/luxspherecr.com\/es\/wp-json\/wp\/v2\/types\/page"}],"author":[{"embeddable":true,"href":"https:\/\/luxspherecr.com\/es\/wp-json\/wp\/v2\/users\/1"}],"replies":[{"embeddable":true,"href":"https:\/\/luxspherecr.com\/es\/wp-json\/wp\/v2\/comments?post=17558"}],"version-history":[{"count":31,"href":"https:\/\/luxspherecr.com\/es\/wp-json\/wp\/v2\/pages\/17558\/revisions"}],"predecessor-version":[{"id":18433,"href":"https:\/\/luxspherecr.com\/es\/wp-json\/wp\/v2\/pages\/17558\/revisions\/18433"}],"wp:attachment":[{"href":"https:\/\/luxspherecr.com\/es\/wp-json\/wp\/v2\/media?parent=17558"}],"curies":[{"name":"wp","href":"https:\/\/api.w.org\/{rel}","templated":true}]}}